{"id":7,"date":"2019-03-22T14:02:38","date_gmt":"2019-03-22T14:02:38","guid":{"rendered":"http:\/\/ms-steel.fi\/?page_id=7"},"modified":"2023-12-13T10:31:23","modified_gmt":"2023-12-13T08:31:23","slug":"information","status":"publish","type":"page","link":"https:\/\/ms-steel.fi\/","title":{"rendered":"MS-Steel Oy"},"content":{"rendered":"\n<p>Industrial steel work services &#8211; years of experience and vision. <\/p>\n\n\n\n<p><strong>Address:<\/strong><br>Hemming Elfvingin tie 10, 10960 Hanko, Finland<\/p>\n\n\n\n<p>Tel. +358 400 322 836<br>E-mail: info(at)ms-steel.fi<\/p>\n\n\n\n<p><strong>Administration:<\/strong><br>CEO Mr. Petri Metsola, tel: +358 40 725 5961, petri.metsola(at)ms-steel.fi (sales)<br>SVP Mr. Jani V\u00e4in\u00f6l\u00e4, tel: +358 45 860 6041\u202c, jani.vainola(at)ms-steel.fi (sales)<\/p>\n\n\n\n<p><strong>Company code:<\/strong><br>(VAT#) FI07088105<\/p>\n\n\n<div class=\"wp-block-image is-style-rounded\">\n<figure class=\"aligncenter size-full\"><img loading=\"lazy\" decoding=\"async\" width=\"2000\" height=\"800\" src=\"https:\/\/ms-steel.fi\/wp-content\/uploads\/2020\/01\/MS-Steel_pilvinen.jpg\" alt=\"\" class=\"wp-image-25\" srcset=\"https:\/\/ms-steel.fi\/wp-content\/uploads\/2020\/01\/MS-Steel_pilvinen.jpg 2000w, https:\/\/ms-steel.fi\/wp-content\/uploads\/2020\/01\/MS-Steel_pilvinen-300x120.jpg 300w, https:\/\/ms-steel.fi\/wp-content\/uploads\/2020\/01\/MS-Steel_pilvinen-1024x410.jpg 1024w, https:\/\/ms-steel.fi\/wp-content\/uploads\/2020\/01\/MS-Steel_pilvinen-768x307.jpg 768w, https:\/\/ms-steel.fi\/wp-content\/uploads\/2020\/01\/MS-Steel_pilvinen-1536x614.jpg 1536w\" sizes=\"auto, (max-width: 706px) 89vw, (max-width: 767px) 82vw, 740px\" \/><\/figure>\n<\/div>","protected":false},"excerpt":{"rendered":"<p>Industrial steel work services &#8211; years of experience and vision. Address:Hemming Elfvingin tie 10, 10960 Hanko, Finland Tel. +358 400 322 836E-mail: info(at)ms-steel.fi Administration:CEO Mr. Petri Metsola, tel: +358 40 725 5961, petri.metsola(at)ms-steel.fi (sales)SVP Mr. Jani V\u00e4in\u00f6l\u00e4, tel: +358 45 860 6041\u202c, jani.vainola(at)ms-steel.fi (sales) Company code:(VAT#) FI07088105<\/p>\n","protected":false},"author":1,"featured_media":0,"parent":0,"menu_order":0,"comment_status":"closed","ping_status":"closed","template":"","meta":{"footnotes":""},"class_list":["post-7","page","type-page","status-publish","hentry"],"_links":{"self":[{"href":"https:\/\/ms-steel.fi\/index.php?rest_route=\/wp\/v2\/pages\/7","targetHints":{"allow":["GET"]}}],"collection":[{"href":"https:\/\/ms-steel.fi\/index.php?rest_route=\/wp\/v2\/pages"}],"about":[{"href":"https:\/\/ms-steel.fi\/index.php?rest_route=\/wp\/v2\/types\/page"}],"author":[{"embeddable":true,"href":"https:\/\/ms-steel.fi\/index.php?rest_route=\/wp\/v2\/users\/1"}],"replies":[{"embeddable":true,"href":"https:\/\/ms-steel.fi\/index.php?rest_route=%2Fwp%2Fv2%2Fcomments&post=7"}],"version-history":[{"count":23,"href":"https:\/\/ms-steel.fi\/index.php?rest_route=\/wp\/v2\/pages\/7\/revisions"}],"predecessor-version":[{"id":247,"href":"https:\/\/ms-steel.fi\/index.php?rest_route=\/wp\/v2\/pages\/7\/revisions\/247"}],"wp:attachment":[{"href":"https:\/\/ms-steel.fi\/index.php?rest_route=%2Fwp%2Fv2%2Fmedia&parent=7"}],"curies":[{"name":"wp","href":"https:\/\/api.w.org\/{rel}","templated":true}]}}